{"id":1120,"date":"2022-09-18T13:26:22","date_gmt":"2022-09-18T13:26:22","guid":{"rendered":"http:\/\/www.furyatedarik.com\/?page_id=1120"},"modified":"2022-09-18T13:26:41","modified_gmt":"2022-09-18T13:26:41","slug":"is-onlugu","status":"publish","type":"page","link":"http:\/\/www.furyatedarik.com\/index.php\/is-onlugu\/","title":{"rendered":"i\u015f \u00f6nl\u00fc\u011f\u00fc"},"content":{"rendered":"\n<figure class=\"wp-block-gallery has-nested-images columns-default is-cropped wp-block-gallery-1 is-layout-flex wp-block-gallery-is-layout-flex\">\n<figure class=\"wp-block-image size-large\"><img fetchpriority=\"high\" decoding=\"async\" width=\"300\" height=\"300\" data-id=\"1121\" src=\"http:\/\/www.furyatedarik.com\/wp-content\/uploads\/2022\/09\/2001.jpg\" alt=\"\" class=\"wp-image-1121\" srcset=\"http:\/\/www.furyatedarik.com\/wp-content\/uploads\/2022\/09\/2001.jpg 300w, http:\/\/www.furyatedarik.com\/wp-content\/uploads\/2022\/09\/2001-150x150.jpg 150w\" sizes=\"(max-width: 300px) 100vw, 300px\" \/><\/figure>\n\n\n\n<figure class=\"wp-block-image size-large\"><img decoding=\"async\" width=\"300\" height=\"300\" data-id=\"1123\" src=\"http:\/\/www.furyatedarik.com\/wp-content\/uploads\/2022\/09\/2002.jpg\" alt=\"\" class=\"wp-image-1123\" srcset=\"http:\/\/www.furyatedarik.com\/wp-content\/uploads\/2022\/09\/2002.jpg 300w, http:\/\/www.furyatedarik.com\/wp-content\/uploads\/2022\/09\/2002-150x150.jpg 150w\" sizes=\"(max-width: 300px) 100vw, 300px\" \/><\/figure>\n\n\n\n<figure class=\"wp-block-image size-large\"><img decoding=\"async\" width=\"300\" height=\"300\" data-id=\"1126\" src=\"http:\/\/www.furyatedarik.com\/wp-content\/uploads\/2022\/09\/2003.jpg\" alt=\"\" class=\"wp-image-1126\" srcset=\"http:\/\/www.furyatedarik.com\/wp-content\/uploads\/2022\/09\/2003.jpg 300w, http:\/\/www.furyatedarik.com\/wp-content\/uploads\/2022\/09\/2003-150x150.jpg 150w\" sizes=\"(max-width: 300px) 100vw, 300px\" \/><\/figure>\n\n\n\n<figure class=\"wp-block-image size-large\"><img loading=\"lazy\" decoding=\"async\" width=\"300\" height=\"300\" data-id=\"1122\" src=\"http:\/\/www.furyatedarik.com\/wp-content\/uploads\/2022\/09\/2004.jpg\" alt=\"\" class=\"wp-image-1122\" srcset=\"http:\/\/www.furyatedarik.com\/wp-content\/uploads\/2022\/09\/2004.jpg 300w, http:\/\/www.furyatedarik.com\/wp-content\/uploads\/2022\/09\/2004-150x150.jpg 150w\" sizes=\"(max-width: 300px) 100vw, 300px\" \/><\/figure>\n\n\n\n<figure class=\"wp-block-image size-large\"><img loading=\"lazy\" decoding=\"async\" width=\"300\" height=\"300\" data-id=\"1125\" src=\"http:\/\/www.furyatedarik.com\/wp-content\/uploads\/2022\/09\/2005.jpg\" alt=\"\" class=\"wp-image-1125\" srcset=\"http:\/\/www.furyatedarik.com\/wp-content\/uploads\/2022\/09\/2005.jpg 300w, http:\/\/www.furyatedarik.com\/wp-content\/uploads\/2022\/09\/2005-150x150.jpg 150w\" sizes=\"(max-width: 300px) 100vw, 300px\" \/><\/figure>\n\n\n\n<figure class=\"wp-block-image size-large\"><img loading=\"lazy\" decoding=\"async\" width=\"300\" height=\"300\" data-id=\"1124\" src=\"http:\/\/www.furyatedarik.com\/wp-content\/uploads\/2022\/09\/2006.jpg\" alt=\"\" class=\"wp-image-1124\" srcset=\"http:\/\/www.furyatedarik.com\/wp-content\/uploads\/2022\/09\/2006.jpg 300w, http:\/\/www.furyatedarik.com\/wp-content\/uploads\/2022\/09\/2006-150x150.jpg 150w\" sizes=\"(max-width: 300px) 100vw, 300px\" \/><\/figure>\n\n\n\n<figure class=\"wp-block-image size-large\"><img loading=\"lazy\" decoding=\"async\" width=\"300\" height=\"300\" data-id=\"1127\" src=\"http:\/\/www.furyatedarik.com\/wp-content\/uploads\/2022\/09\/2007.jpg\" alt=\"\" class=\"wp-image-1127\" srcset=\"http:\/\/www.furyatedarik.com\/wp-content\/uploads\/2022\/09\/2007.jpg 300w, http:\/\/www.furyatedarik.com\/wp-content\/uploads\/2022\/09\/2007-150x150.jpg 150w\" sizes=\"(max-width: 300px) 100vw, 300px\" \/><\/figure>\n\n\n\n<figure class=\"wp-block-image size-large\"><img loading=\"lazy\" decoding=\"async\" width=\"300\" height=\"300\" data-id=\"1131\" src=\"http:\/\/www.furyatedarik.com\/wp-content\/uploads\/2022\/09\/2008.jpg\" alt=\"\" class=\"wp-image-1131\" srcset=\"http:\/\/www.furyatedarik.com\/wp-content\/uploads\/2022\/09\/2008.jpg 300w, http:\/\/www.furyatedarik.com\/wp-content\/uploads\/2022\/09\/2008-150x150.jpg 150w\" sizes=\"(max-width: 300px) 100vw, 300px\" \/><\/figure>\n\n\n\n<figure class=\"wp-block-image size-large\"><img loading=\"lazy\" decoding=\"async\" width=\"300\" height=\"300\" data-id=\"1130\" src=\"http:\/\/www.furyatedarik.com\/wp-content\/uploads\/2022\/09\/2009.jpg\" alt=\"\" class=\"wp-image-1130\" srcset=\"http:\/\/www.furyatedarik.com\/wp-content\/uploads\/2022\/09\/2009.jpg 300w, http:\/\/www.furyatedarik.com\/wp-content\/uploads\/2022\/09\/2009-150x150.jpg 150w\" sizes=\"(max-width: 300px) 100vw, 300px\" \/><\/figure>\n\n\n\n<figure class=\"wp-block-image size-large\"><img loading=\"lazy\" decoding=\"async\" width=\"300\" height=\"300\" data-id=\"1129\" src=\"http:\/\/www.furyatedarik.com\/wp-content\/uploads\/2022\/09\/2010.jpg\" alt=\"\" class=\"wp-image-1129\" srcset=\"http:\/\/www.furyatedarik.com\/wp-content\/uploads\/2022\/09\/2010.jpg 300w, http:\/\/www.furyatedarik.com\/wp-content\/uploads\/2022\/09\/2010-150x150.jpg 150w\" sizes=\"(max-width: 300px) 100vw, 300px\" \/><\/figure>\n\n\n\n<figure class=\"wp-block-image size-large\"><img loading=\"lazy\" decoding=\"async\" width=\"300\" height=\"300\" data-id=\"1128\" src=\"http:\/\/www.furyatedarik.com\/wp-content\/uploads\/2022\/09\/2011.jpg\" alt=\"\" class=\"wp-image-1128\" srcset=\"http:\/\/www.furyatedarik.com\/wp-content\/uploads\/2022\/09\/2011.jpg 300w, http:\/\/www.furyatedarik.com\/wp-content\/uploads\/2022\/09\/2011-150x150.jpg 150w\" sizes=\"(max-width: 300px) 100vw, 300px\" \/><\/figure>\n\n\n\n<figure class=\"wp-block-image size-large\"><img loading=\"lazy\" decoding=\"async\" width=\"300\" height=\"300\" data-id=\"1132\" src=\"http:\/\/www.furyatedarik.com\/wp-content\/uploads\/2022\/09\/2012.jpg\" alt=\"\" class=\"wp-image-1132\" srcset=\"http:\/\/www.furyatedarik.com\/wp-content\/uploads\/2022\/09\/2012.jpg 300w, http:\/\/www.furyatedarik.com\/wp-content\/uploads\/2022\/09\/2012-150x150.jpg 150w\" sizes=\"(max-width: 300px) 100vw, 300px\" \/><\/figure>\n\n\n\n<figure class=\"wp-block-image size-large\"><img loading=\"lazy\" decoding=\"async\" width=\"300\" height=\"300\" data-id=\"1133\" src=\"http:\/\/www.furyatedarik.com\/wp-content\/uploads\/2022\/09\/2013.jpg\" alt=\"\" class=\"wp-image-1133\" srcset=\"http:\/\/www.furyatedarik.com\/wp-content\/uploads\/2022\/09\/2013.jpg 300w, http:\/\/www.furyatedarik.com\/wp-content\/uploads\/2022\/09\/2013-150x150.jpg 150w\" sizes=\"(max-width: 300px) 100vw, 300px\" \/><\/figure>\n<\/figure>\n","protected":false},"excerpt":{"rendered":"","protected":false},"author":1,"featured_media":0,"parent":0,"menu_order":0,"comment_status":"closed","ping_status":"closed","template":"","meta":{"site-sidebar-layout":"default","site-content-layout":"","ast-site-content-layout":"default","site-content-style":"default","site-sidebar-style":"default","ast-global-header-display":"","ast-banner-title-visibility":"","ast-main-header-display":"","ast-hfb-above-header-display":"","ast-hfb-below-header-display":"","ast-hfb-mobile-header-display":"","site-post-title":"","ast-breadcrumbs-content":"","ast-featured-img":"","footer-sml-layout":"","ast-disable-related-posts":"","theme-transparent-header-meta":"","adv-header-id-meta":"","stick-header-meta":"","header-above-stick-meta":"","header-main-stick-meta":"","header-below-stick-meta":"","astra-migrate-meta-layouts":"default","ast-page-background-enabled":"default","ast-page-background-meta":{"desktop":{"background-color":"","background-image":"","background-repeat":"repeat","background-position":"center center","background-size":"auto","background-attachment":"scroll","background-type":"","background-media":"","overlay-type":"","overlay-color":"","overlay-opacity":"","overlay-gradient":""},"tablet":{"background-color":"","background-image":"","background-repeat":"repeat","background-position":"center center","background-size":"auto","background-attachment":"scroll","background-type":"","background-media":"","overlay-type":"","overlay-color":"","overlay-opacity":"","overlay-gradient":""},"mobile":{"background-color":"","background-image":"","background-repeat":"repeat","background-position":"center center","background-size":"auto","background-attachment":"scroll","background-type":"","background-media":"","overlay-type":"","overlay-color":"","overlay-opacity":"","overlay-gradient":""}},"ast-content-background-meta":{"desktop":{"background-color":"var(--ast-global-color-5)","background-image":"","background-repeat":"repeat","background-position":"center center","background-size":"auto","background-attachment":"scroll","background-type":"","background-media":"","overlay-type":"","overlay-color":"","overlay-opacity":"","overlay-gradient":""},"tablet":{"background-color":"var(--ast-global-color-5)","background-image":"","background-repeat":"repeat","background-position":"center center","background-size":"auto","background-attachment":"scroll","background-type":"","background-media":"","overlay-type":"","overlay-color":"","overlay-opacity":"","overlay-gradient":""},"mobile":{"background-color":"var(--ast-global-color-5)","background-image":"","background-repeat":"repeat","background-position":"center center","background-size":"auto","background-attachment":"scroll","background-type":"","background-media":"","overlay-type":"","overlay-color":"","overlay-opacity":"","overlay-gradient":""}},"footnotes":""},"class_list":["post-1120","page","type-page","status-publish","hentry"],"_links":{"self":[{"href":"http:\/\/www.furyatedarik.com\/index.php\/wp-json\/wp\/v2\/pages\/1120","targetHints":{"allow":["GET"]}}],"collection":[{"href":"http:\/\/www.furyatedarik.com\/index.php\/wp-json\/wp\/v2\/pages"}],"about":[{"href":"http:\/\/www.furyatedarik.com\/index.php\/wp-json\/wp\/v2\/types\/page"}],"author":[{"embeddable":true,"href":"http:\/\/www.furyatedarik.com\/index.php\/wp-json\/wp\/v2\/users\/1"}],"replies":[{"embeddable":true,"href":"http:\/\/www.furyatedarik.com\/index.php\/wp-json\/wp\/v2\/comments?post=1120"}],"version-history":[{"count":2,"href":"http:\/\/www.furyatedarik.com\/index.php\/wp-json\/wp\/v2\/pages\/1120\/revisions"}],"predecessor-version":[{"id":1137,"href":"http:\/\/www.furyatedarik.com\/index.php\/wp-json\/wp\/v2\/pages\/1120\/revisions\/1137"}],"wp:attachment":[{"href":"http:\/\/www.furyatedarik.com\/index.php\/wp-json\/wp\/v2\/media?parent=1120"}],"curies":[{"name":"wp","href":"https:\/\/api.w.org\/{rel}","templated":true}]}}