{"id":1553,"date":"2022-09-20T17:20:07","date_gmt":"2022-09-20T17:20:07","guid":{"rendered":"http:\/\/www.furyatedarik.com\/?page_id=1553"},"modified":"2022-09-20T17:20:23","modified_gmt":"2022-09-20T17:20:23","slug":"isiya-dayanikli-eldiven","status":"publish","type":"page","link":"http:\/\/www.furyatedarik.com\/index.php\/isiya-dayanikli-eldiven\/","title":{"rendered":"\u0131s\u0131ya dayan\u0131kl\u0131 eldiven"},"content":{"rendered":"\n<figure class=\"wp-block-gallery has-nested-images columns-default is-cropped wp-block-gallery-1 is-layout-flex wp-block-gallery-is-layout-flex\">\n<figure class=\"wp-block-image size-large\"><img fetchpriority=\"high\" decoding=\"async\" width=\"300\" height=\"300\" data-id=\"1558\" src=\"http:\/\/www.furyatedarik.com\/wp-content\/uploads\/2022\/09\/0K1-700x700-300x300-2.jpg\" alt=\"\" class=\"wp-image-1558\" srcset=\"http:\/\/www.furyatedarik.com\/wp-content\/uploads\/2022\/09\/0K1-700x700-300x300-2.jpg 300w, http:\/\/www.furyatedarik.com\/wp-content\/uploads\/2022\/09\/0K1-700x700-300x300-2-150x150.jpg 150w\" sizes=\"(max-width: 300px) 100vw, 300px\" \/><\/figure>\n\n\n\n<figure class=\"wp-block-image size-large\"><img decoding=\"async\" width=\"300\" height=\"300\" data-id=\"1554\" src=\"http:\/\/www.furyatedarik.com\/wp-content\/uploads\/2022\/09\/0K2-700x700-300x300-2.jpg\" alt=\"\" class=\"wp-image-1554\" srcset=\"http:\/\/www.furyatedarik.com\/wp-content\/uploads\/2022\/09\/0K2-700x700-300x300-2.jpg 300w, http:\/\/www.furyatedarik.com\/wp-content\/uploads\/2022\/09\/0K2-700x700-300x300-2-150x150.jpg 150w\" sizes=\"(max-width: 300px) 100vw, 300px\" \/><\/figure>\n\n\n\n<figure class=\"wp-block-image size-large\"><img decoding=\"async\" width=\"300\" height=\"300\" data-id=\"1556\" src=\"http:\/\/www.furyatedarik.com\/wp-content\/uploads\/2022\/09\/0K3-700x700-300x300-2.jpg\" alt=\"\" class=\"wp-image-1556\" srcset=\"http:\/\/www.furyatedarik.com\/wp-content\/uploads\/2022\/09\/0K3-700x700-300x300-2.jpg 300w, http:\/\/www.furyatedarik.com\/wp-content\/uploads\/2022\/09\/0K3-700x700-300x300-2-150x150.jpg 150w\" sizes=\"(max-width: 300px) 100vw, 300px\" \/><\/figure>\n\n\n\n<figure class=\"wp-block-image size-large\"><img loading=\"lazy\" decoding=\"async\" width=\"300\" height=\"300\" data-id=\"1557\" src=\"http:\/\/www.furyatedarik.com\/wp-content\/uploads\/2022\/09\/0K4-700x700-300x300-2.jpg\" alt=\"\" class=\"wp-image-1557\" srcset=\"http:\/\/www.furyatedarik.com\/wp-content\/uploads\/2022\/09\/0K4-700x700-300x300-2.jpg 300w, http:\/\/www.furyatedarik.com\/wp-content\/uploads\/2022\/09\/0K4-700x700-300x300-2-150x150.jpg 150w\" sizes=\"(max-width: 300px) 100vw, 300px\" \/><\/figure>\n\n\n\n<figure class=\"wp-block-image size-large\"><img loading=\"lazy\" decoding=\"async\" width=\"300\" height=\"300\" data-id=\"1555\" src=\"http:\/\/www.furyatedarik.com\/wp-content\/uploads\/2022\/09\/0K5-700x700-300x300-2.jpg\" alt=\"\" class=\"wp-image-1555\" srcset=\"http:\/\/www.furyatedarik.com\/wp-content\/uploads\/2022\/09\/0K5-700x700-300x300-2.jpg 300w, http:\/\/www.furyatedarik.com\/wp-content\/uploads\/2022\/09\/0K5-700x700-300x300-2-150x150.jpg 150w\" sizes=\"(max-width: 300px) 100vw, 300px\" \/><\/figure>\n\n\n\n<figure class=\"wp-block-image size-large\"><img loading=\"lazy\" decoding=\"async\" width=\"300\" height=\"300\" data-id=\"1559\" src=\"http:\/\/www.furyatedarik.com\/wp-content\/uploads\/2022\/09\/0K6-700x700-300x300-2.jpg\" alt=\"\" class=\"wp-image-1559\" srcset=\"http:\/\/www.furyatedarik.com\/wp-content\/uploads\/2022\/09\/0K6-700x700-300x300-2.jpg 300w, http:\/\/www.furyatedarik.com\/wp-content\/uploads\/2022\/09\/0K6-700x700-300x300-2-150x150.jpg 150w\" sizes=\"(max-width: 300px) 100vw, 300px\" \/><\/figure>\n\n\n\n<figure class=\"wp-block-image size-large\"><img loading=\"lazy\" decoding=\"async\" width=\"300\" height=\"300\" data-id=\"1560\" src=\"http:\/\/www.furyatedarik.com\/wp-content\/uploads\/2022\/09\/0KM1-700x700-300x300-2.jpg\" alt=\"\" class=\"wp-image-1560\" srcset=\"http:\/\/www.furyatedarik.com\/wp-content\/uploads\/2022\/09\/0KM1-700x700-300x300-2.jpg 300w, http:\/\/www.furyatedarik.com\/wp-content\/uploads\/2022\/09\/0KM1-700x700-300x300-2-150x150.jpg 150w\" sizes=\"(max-width: 300px) 100vw, 300px\" \/><\/figure>\n\n\n\n<figure class=\"wp-block-image size-large\"><img loading=\"lazy\" decoding=\"async\" width=\"300\" height=\"300\" data-id=\"1561\" src=\"http:\/\/www.furyatedarik.com\/wp-content\/uploads\/2022\/09\/honeywell-20-586-91-mig-fit_0-700x700-300x300-2.jpg\" alt=\"\" class=\"wp-image-1561\" srcset=\"http:\/\/www.furyatedarik.com\/wp-content\/uploads\/2022\/09\/honeywell-20-586-91-mig-fit_0-700x700-300x300-2.jpg 300w, http:\/\/www.furyatedarik.com\/wp-content\/uploads\/2022\/09\/honeywell-20-586-91-mig-fit_0-700x700-300x300-2-150x150.jpg 150w\" sizes=\"(max-width: 300px) 100vw, 300px\" \/><\/figure>\n\n\n\n<figure class=\"wp-block-image size-large\"><img loading=\"lazy\" decoding=\"async\" width=\"300\" height=\"300\" data-id=\"1562\" src=\"http:\/\/www.furyatedarik.com\/wp-content\/uploads\/2022\/09\/honeywell-22-320-70-aratherma-heavy_0-700x700-300x300-2.jpg\" alt=\"\" class=\"wp-image-1562\" srcset=\"http:\/\/www.furyatedarik.com\/wp-content\/uploads\/2022\/09\/honeywell-22-320-70-aratherma-heavy_0-700x700-300x300-2.jpg 300w, http:\/\/www.furyatedarik.com\/wp-content\/uploads\/2022\/09\/honeywell-22-320-70-aratherma-heavy_0-700x700-300x300-2-150x150.jpg 150w\" sizes=\"(max-width: 300px) 100vw, 300px\" \/><\/figure>\n\n\n\n<figure class=\"wp-block-image size-large\"><img loading=\"lazy\" decoding=\"async\" width=\"300\" height=\"300\" data-id=\"1563\" src=\"http:\/\/www.furyatedarik.com\/wp-content\/uploads\/2022\/09\/honeywell-22-320-86-aratherma-fit_0-700x700-300x300-2.jpg\" alt=\"\" class=\"wp-image-1563\" srcset=\"http:\/\/www.furyatedarik.com\/wp-content\/uploads\/2022\/09\/honeywell-22-320-86-aratherma-fit_0-700x700-300x300-2.jpg 300w, http:\/\/www.furyatedarik.com\/wp-content\/uploads\/2022\/09\/honeywell-22-320-86-aratherma-fit_0-700x700-300x300-2-150x150.jpg 150w\" sizes=\"(max-width: 300px) 100vw, 300px\" \/><\/figure>\n\n\n\n<figure class=\"wp-block-image size-large\"><img loading=\"lazy\" decoding=\"async\" width=\"300\" height=\"300\" data-id=\"1565\" src=\"http:\/\/www.furyatedarik.com\/wp-content\/uploads\/2022\/09\/honeywell-22-326-88-aratherma-confort_0-700x700-300x300-2.jpg\" alt=\"\" class=\"wp-image-1565\" srcset=\"http:\/\/www.furyatedarik.com\/wp-content\/uploads\/2022\/09\/honeywell-22-326-88-aratherma-confort_0-700x700-300x300-2.jpg 300w, http:\/\/www.furyatedarik.com\/wp-content\/uploads\/2022\/09\/honeywell-22-326-88-aratherma-confort_0-700x700-300x300-2-150x150.jpg 150w\" sizes=\"(max-width: 300px) 100vw, 300px\" \/><\/figure>\n\n\n\n<figure class=\"wp-block-image size-large\"><img loading=\"lazy\" decoding=\"async\" width=\"300\" height=\"300\" data-id=\"1564\" src=\"http:\/\/www.furyatedarik.com\/wp-content\/uploads\/2022\/09\/honeywell-22-806-73-topfire-supertherma_0-700x700-300x300-2.jpg\" alt=\"\" class=\"wp-image-1564\" srcset=\"http:\/\/www.furyatedarik.com\/wp-content\/uploads\/2022\/09\/honeywell-22-806-73-topfire-supertherma_0-700x700-300x300-2.jpg 300w, http:\/\/www.furyatedarik.com\/wp-content\/uploads\/2022\/09\/honeywell-22-806-73-topfire-supertherma_0-700x700-300x300-2-150x150.jpg 150w\" sizes=\"(max-width: 300px) 100vw, 300px\" \/><\/figure>\n\n\n\n<figure class=\"wp-block-image size-large\"><img loading=\"lazy\" decoding=\"async\" width=\"300\" height=\"300\" data-id=\"1566\" src=\"http:\/\/www.furyatedarik.com\/wp-content\/uploads\/2022\/09\/honeywell-sb-428-kk-top-fire_0-700x700-300x300-2.jpg\" alt=\"\" class=\"wp-image-1566\" srcset=\"http:\/\/www.furyatedarik.com\/wp-content\/uploads\/2022\/09\/honeywell-sb-428-kk-top-fire_0-700x700-300x300-2.jpg 300w, http:\/\/www.furyatedarik.com\/wp-content\/uploads\/2022\/09\/honeywell-sb-428-kk-top-fire_0-700x700-300x300-2-150x150.jpg 150w\" sizes=\"(max-width: 300px) 100vw, 300px\" \/><\/figure>\n\n\n\n<figure class=\"wp-block-image size-large\"><img loading=\"lazy\" decoding=\"async\" width=\"300\" height=\"300\" data-id=\"1567\" src=\"http:\/\/www.furyatedarik.com\/wp-content\/uploads\/2022\/09\/honeywell-topfire-svf624_0-700x700-300x300-2.jpg\" alt=\"\" class=\"wp-image-1567\" srcset=\"http:\/\/www.furyatedarik.com\/wp-content\/uploads\/2022\/09\/honeywell-topfire-svf624_0-700x700-300x300-2.jpg 300w, http:\/\/www.furyatedarik.com\/wp-content\/uploads\/2022\/09\/honeywell-topfire-svf624_0-700x700-300x300-2-150x150.jpg 150w\" sizes=\"(max-width: 300px) 100vw, 300px\" \/><\/figure>\n\n\n\n<figure class=\"wp-block-image size-large\"><img loading=\"lazy\" decoding=\"async\" width=\"300\" height=\"300\" data-id=\"1568\" src=\"http:\/\/www.furyatedarik.com\/wp-content\/uploads\/2022\/09\/showa-best-6781-r_0-700x700-300x300-2.jpg\" alt=\"\" class=\"wp-image-1568\" srcset=\"http:\/\/www.furyatedarik.com\/wp-content\/uploads\/2022\/09\/showa-best-6781-r_0-700x700-300x300-2.jpg 300w, http:\/\/www.furyatedarik.com\/wp-content\/uploads\/2022\/09\/showa-best-6781-r_0-700x700-300x300-2-150x150.jpg 150w\" sizes=\"(max-width: 300px) 100vw, 300px\" \/><\/figure>\n\n\n\n<figure class=\"wp-block-image size-large\"><img loading=\"lazy\" decoding=\"async\" width=\"300\" height=\"300\" data-id=\"1569\" src=\"http:\/\/www.furyatedarik.com\/wp-content\/uploads\/2022\/09\/showa-best-8814-charguard_0-700x700-300x300-2.jpg\" alt=\"\" class=\"wp-image-1569\" srcset=\"http:\/\/www.furyatedarik.com\/wp-content\/uploads\/2022\/09\/showa-best-8814-charguard_0-700x700-300x300-2.jpg 300w, http:\/\/www.furyatedarik.com\/wp-content\/uploads\/2022\/09\/showa-best-8814-charguard_0-700x700-300x300-2-150x150.jpg 150w\" sizes=\"(max-width: 300px) 100vw, 300px\" \/><\/figure>\n\n\n\n<figure class=\"wp-block-image size-large\"><img loading=\"lazy\" decoding=\"async\" width=\"300\" height=\"300\" data-id=\"1570\" src=\"http:\/\/www.furyatedarik.com\/wp-content\/uploads\/2022\/09\/ts-glowe-premium_0-700x700-300x300-2.jpg\" alt=\"\" class=\"wp-image-1570\" srcset=\"http:\/\/www.furyatedarik.com\/wp-content\/uploads\/2022\/09\/ts-glowe-premium_0-700x700-300x300-2.jpg 300w, http:\/\/www.furyatedarik.com\/wp-content\/uploads\/2022\/09\/ts-glowe-premium_0-700x700-300x300-2-150x150.jpg 150w\" sizes=\"(max-width: 300px) 100vw, 300px\" \/><\/figure>\n<\/figure>\n","protected":false},"excerpt":{"rendered":"","protected":false},"author":1,"featured_media":0,"parent":0,"menu_order":0,"comment_status":"closed","ping_status":"closed","template":"","meta":{"site-sidebar-layout":"default","site-content-layout":"","ast-site-content-layout":"default","site-content-style":"default","site-sidebar-style":"default","ast-global-header-display":"","ast-banner-title-visibility":"","ast-main-header-display":"","ast-hfb-above-header-display":"","ast-hfb-below-header-display":"","ast-hfb-mobile-header-display":"","site-post-title":"","ast-breadcrumbs-content":"","ast-featured-img":"","footer-sml-layout":"","ast-disable-related-posts":"","theme-transparent-header-meta":"","adv-header-id-meta":"","stick-header-meta":"","header-above-stick-meta":"","header-main-stick-meta":"","header-below-stick-meta":"","astra-migrate-meta-layouts":"default","ast-page-background-enabled":"default","ast-page-background-meta":{"desktop":{"background-color":"","background-image":"","background-repeat":"repeat","background-position":"center center","background-size":"auto","background-attachment":"scroll","background-type":"","background-media":"","overlay-type":"","overlay-color":"","overlay-opacity":"","overlay-gradient":""},"tablet":{"background-color":"","background-image":"","background-repeat":"repeat","background-position":"center center","background-size":"auto","background-attachment":"scroll","background-type":"","background-media":"","overlay-type":"","overlay-color":"","overlay-opacity":"","overlay-gradient":""},"mobile":{"background-color":"","background-image":"","background-repeat":"repeat","background-position":"center center","background-size":"auto","background-attachment":"scroll","background-type":"","background-media":"","overlay-type":"","overlay-color":"","overlay-opacity":"","overlay-gradient":""}},"ast-content-background-meta":{"desktop":{"background-color":"var(--ast-global-color-5)","background-image":"","background-repeat":"repeat","background-position":"center center","background-size":"auto","background-attachment":"scroll","background-type":"","background-media":"","overlay-type":"","overlay-color":"","overlay-opacity":"","overlay-gradient":""},"tablet":{"background-color":"var(--ast-global-color-5)","background-image":"","background-repeat":"repeat","background-position":"center center","background-size":"auto","background-attachment":"scroll","background-type":"","background-media":"","overlay-type":"","overlay-color":"","overlay-opacity":"","overlay-gradient":""},"mobile":{"background-color":"var(--ast-global-color-5)","background-image":"","background-repeat":"repeat","background-position":"center center","background-size":"auto","background-attachment":"scroll","background-type":"","background-media":"","overlay-type":"","overlay-color":"","overlay-opacity":"","overlay-gradient":""}},"footnotes":""},"class_list":["post-1553","page","type-page","status-publish","hentry"],"_links":{"self":[{"href":"http:\/\/www.furyatedarik.com\/index.php\/wp-json\/wp\/v2\/pages\/1553","targetHints":{"allow":["GET"]}}],"collection":[{"href":"http:\/\/www.furyatedarik.com\/index.php\/wp-json\/wp\/v2\/pages"}],"about":[{"href":"http:\/\/www.furyatedarik.com\/index.php\/wp-json\/wp\/v2\/types\/page"}],"author":[{"embeddable":true,"href":"http:\/\/www.furyatedarik.com\/index.php\/wp-json\/wp\/v2\/users\/1"}],"replies":[{"embeddable":true,"href":"http:\/\/www.furyatedarik.com\/index.php\/wp-json\/wp\/v2\/comments?post=1553"}],"version-history":[{"count":1,"href":"http:\/\/www.furyatedarik.com\/index.php\/wp-json\/wp\/v2\/pages\/1553\/revisions"}],"predecessor-version":[{"id":1572,"href":"http:\/\/www.furyatedarik.com\/index.php\/wp-json\/wp\/v2\/pages\/1553\/revisions\/1572"}],"wp:attachment":[{"href":"http:\/\/www.furyatedarik.com\/index.php\/wp-json\/wp\/v2\/media?parent=1553"}],"curies":[{"name":"wp","href":"https:\/\/api.w.org\/{rel}","templated":true}]}}